{"id":272,"date":"2018-03-09T19:08:04","date_gmt":"2018-03-09T17:08:04","guid":{"rendered":"http:\/\/avkaksi.arctic-values.com\/?page_id=272"},"modified":"2023-02-02T23:12:00","modified_gmt":"2023-02-02T21:12:00","slug":"legal-notice-impressum-arctic-values","status":"publish","type":"page","link":"https:\/\/arctic-values.com\/?page_id=272","title":{"rendered":"Legal Notice &#8211; Impressum &#8211; Arctic Values"},"content":{"rendered":"<p><a href=\"https:\/\/arctic-values.com\/?page_id=272\">Legal Notice \/ Impressum &#8211; Arctic Values &#8211; Copyright \u00a9 2023<\/a><\/p>\n<p><strong>Responsible for the Content on the Arctic Values Website<\/strong><\/p>\n<p>Arctic Values (Private Trader)<\/p>\n<p>Tel.: +358 (0) 400 17 90 76<\/p>\n<p><strong>Responsible Contact Person:<\/strong><\/p>\n<p>Adrian Braun, PhD (Founder Arctic Values)<\/p>\n<p>E-Mail: privacy@arctic-values.com<\/p>\n<p>adrian.braun@arctic-values.com<\/p>\n<p>Registered in the commercial register of Finland (Y-Tunnus)<\/p>\n<p>Trade Register Number: 2902464-7<\/p>\n<p><strong>Disclaimer <\/strong><\/p>\n<p>Arctic Values maintains this website to actors all over the globe, who are interested in sustainability management, CSR, Corporate Governance, and Environmental Social and Governance (ESG) related concepts. One of the main goals is to strive business development and corporate communication by following the path of sustainable development. Arctic Values will be dedicated to work continuously to keep information that are published on this website authentic, accurate, complete and up to date.<\/p>\n<p>In case any factual errors or incorrect content may appear on this website, Arctic Values is going to delete, respectively will change the content immediately upon information of the incident. Arctic Values cannot be held liable by content or information that are linked to third parties, either published on this website nor related to content that is connected via web-links that lead from the Arctic Values Website to Third-Party-Websites. Please note that Arctic Values is very much concerned about third-part content that appears on the Arctic Values website or is linked to third party websites and this content will be assessed and used with highest integrity and due diligence.<\/p>\n<p>All information on this website is of general nature and may not directly applicable for any specific business needs. In case you need specific advice for your particular needs and situation linked to the products and services that Arctic Values offers, please contact <a href=\"mailto:privacy@arctic-values.com\">info@arctic-values.com<\/a><\/p>\n<p>Overall Arctic Values and its affiliates cannot be held liable for direct or indirect damage, which may result from visiting respectively using of this website. Some information or data on the Arctic Values website may have been uploaded in files or formats that are not error-free. In such situations, Arctic Values cannot guarantee that the service will not be affected by such problems. Arctic Values accepts no responsibility in case of malfunctioning transmission of data due to the diverse networks of the internet or if the user&#8217;s web browser in incompatible to show and depict content correctly.<\/p>\n<p>Arctic Values cannot guarantee that information from external sources with reference on this website is reliable or up to date. The content on the Arctic Values website may link to external sites over which Arctic Values has no control and for which Arctic Values cannot take any responsibility.<\/p>\n<p><strong>Data privacy statement<\/strong><\/p>\n<p>Arctic Values, Private Trader based in Rovaniemi, Finland, will take at any time the protection of personal data very seriously. Arctic Values works strictly in line with the rules of data protection legislation. In case personal data will be collected on the Arctic Values website, it is only for technical purposes. In no case any of the visitor\u00b4s data is going to be sold or otherwise delivered to third parties.<\/p>\n<p><strong>Data processing on this website<\/strong><\/p>\n<p>Arctic Values collects and stores based on automatic processes in its server log files information that your browser sends to us.<\/p>\n<p><strong>Privacy Policy<\/strong><\/p>\n<p>Arctic Values is the sole owner of the information collected and distributed on this website (www.arctic-values.com). Arctic Values has only access to content that you give voluntarily to us via E-Mail or other distribution channels. Arctic Values will not sell or rent this information to third parties. Arctic Values will use the given information to cooperate with you in line with the products and services that are outlined on the Arctic Values website. Arctic Values will not share your information with any third party outside, without agreement from your side and\/or to fulfil your inquiry. In case you have submitted any information to Arctic Values, visible on this website or non-visible, and you want this information to be deleted, please send us a request to privacy@arctic-values.com or visit the Arctic Values contact webpage and choose your preferred way to contact Arctic Values.<\/p>\n<p>The content of the Arctic Values website includes text data and multimedia items such as texts, drawings, graphics, logos, icons, images and photographs described, which are protected by the provisions of national and international law applying to intellectual property.<\/p>\n<p>These textual data and multimedia items are the exclusive property either of Arctic Values or third parties that are highlighted, linked to the specific data on the specific webpage.<\/p>\n<p>All visitors of the Arctic Values website undertake to respect the intellectual property rights held by the Arctic Values enterprise and third parties without prejudice to the rights and exceptions provided for by any binding requirements.<\/p>\n<p>Any complete or partial reproduction of data or multimedia items from this website must also indicate Arctic Values as a source and it is highly recommended to cite the URL link of the complete item or the Arctic Values web page from which it was sourced.<\/p>\n<p>The user is not permitted without prior consent to delete or change the indications of the author or the source and not to seek to circumvent the technical measures put in place to protect documents and multimedia items, such as print or download restrictions and visible or invisible tagging. Any violation of these restrictions may lead to civil and criminal proceedings.<\/p>\n<p>In cases the identity of the right holders are in doubt or as to the conditions of use of a particular item, an inquiry for information may be sent to privacy@arctic-values.com.<\/p>\n<p><strong>Trademarks and logos of Arctic Values<\/strong><\/p>\n<p>The Arctic Values trademarks and Arctic Values logo may not be used without the prior consent of Arctic Values. In this respect, please contact: privacy@arctic-values.com<\/p>\n<p><strong>Copyright \u00a9 <\/strong><strong>2023 \u2013 Arctic Values \/ Legal Notice <\/strong><\/p>\n<hr \/>\n<hr \/>\n<p><strong>Verantwortlich f\u00fcr den Inhalt der Arctic Values \u200b\u200bWebsite<\/strong><\/p>\n<p>Arctic Values (Entrepreneur)<\/p>\n<p>Tel .: +358 (0) 400 17 90 76<\/p>\n<p><strong>Verantwortliche Kontaktperson<\/strong><\/p>\n<p>Adrian Braun (Gr\u00fcnder Arctic Values)<\/p>\n<p>E-Mail: privacy@arctic-values.com<\/p>\n<p>adrian.braun@arctic-values.com<\/p>\n<p>Registriert im Handelsregister von Finnland (Y-Tunnus)<\/p>\n<p>Handelsregister-Nummer:2902464-7<\/p>\n<p><strong>Haftungsausschluss<\/strong><\/p>\n<p>Arctic Values \u200b\u200bunterh\u00e4lt diese Website f\u00fcr Akteure auf der ganzen Welt, die sich f\u00fcr Nachhaltigkeitsmanagement, CSR, Corporate Governance und Environmental Social and Governance (ESG) relevante Konzepte interessieren. Eines der Hauptziele besteht darin, die Gesch\u00e4ftsentwicklung und die Unternehmenskommunikation zu verfolgen, indem der Weg der nachhaltigen Entwicklung eingeschlagen wird. Arctic Values \u200b\u200bwird kontinuierlich daran arbeiten, die auf dieser Website ver\u00f6ffentlichten Informationen authentisch, genau, vollst\u00e4ndig und auf dem neuesten Stand zu halten.<\/p>\n<p>Sollten auf dieser Website sachliche Fehler oder inkorrekte Inhalte auftreten, wird Arctic Values \u200b\u200bden Inhalt sofort l\u00f6schen bzw. entsprechend den Informationen des Vorfalls \u00e4ndern. Arctic Values \u200b\u200bkann nicht f\u00fcr Inhalte oder Informationen haftbar gemacht werden, die mit Drittparteien in Verbindung stehen, die auf dieser Webseite ver\u00f6ffentlicht sind oder die mit Inhalten verbunden sind, die \u00fcber Web-Links von der Arctic Values-Webseite zu Dritt-Parteien Webseiten verbunden sind. Bitte beachten Sie, dass Arctic Values \u200b\u200bdie Inhalte Dritter, die auf der Webseite von Arctic Values \u200b\u200berscheinen oder mit Webseiten Dritter verlinkt sind, mit h\u00f6chster Integrit\u00e4t und Sorgfalt pr\u00fcft und verwendet.<\/p>\n<p>Alle Informationen auf dieser Webseite sind allgemeiner Natur und m\u00f6glicherweise nicht direkt auf bestimmte gesch\u00e4ftliche Anforderungen anwendbar. Falls Sie spezielle Ratschl\u00e4ge f\u00fcr Ihre speziellen Bed\u00fcrfnisse und Situationen in Verbindung mit den von Arctic Values \u200b\u200bangebotenen Produkten und Dienstleistungen ben\u00f6tigen, wenden Sie sich bitte an info@arctic-values.com<\/p>\n<p>Insgesamt k\u00f6nnen Arctic Values \u200b\u200bund seine verbundenen Unternehmen nicht f\u00fcr direkte oder indirekte Sch\u00e4den haftbar gemacht werden, die sich aus dem Besuch bzw. der Nutzung dieser Webseite ergeben k\u00f6nnen. Einige Informationen oder Daten auf der Arctic Values Webseite wurden m\u00f6glicherweise in Dateien oder Formate hochgeladen, die nicht fehlerfrei sind. In solchen Situationen kann Arctic Values \u200b\u200bnicht garantieren, dass die Dienste auf der Webseite nicht von solchen Problemen betroffen ist. Arctic Values \u200b\u200b\u00fcbernimmt keine Verantwortung f\u00fcr den Fall einer fehlerhaften \u00dcbertragung von Daten aufgrund der verschiedenen Netzwerke des Internets oder wenn der Webbrowser des Benutzers nicht in der Lage ist, Inhalte korrekt anzuzeigen und darzustellen.<\/p>\n<p>Arctic Values \u200b\u200bkann nicht garantieren, dass Informationen von externen Quellen mit Bezug auf diese Webseite zuverl\u00e4ssig oder aktuell sind. Die Inhalte auf der Arctic Values Webseite k\u00f6nnen mit externen Webseiten verlinkt sein, \u00fcber die Arctic Values \u200b\u200bkeine Kontrolle hat und f\u00fcr die Arctic Values \u200b\u200bkeine Verantwortung \u00fcbernehmen kann.<\/p>\n<p><strong>Datenschutzerkl\u00e4rung<\/strong><\/p>\n<p>Arctic Values, Private Trader mit Sitz in Rovaniemi, Finnland, wird den Schutz personenbezogener Daten jederzeit sehr ernst nehmen. Arctic Values \u200b\u200barbeitet streng nach den Gesetzen der Datenschutzgesetzgebung. Sofern personenbezogene Daten auf der Arctic Values Webseite erhoben werden, erfolgt dies ausschlie\u00dflich zu technischen Zwecken. In keinem Fall werden die Daten des Besuchers verkauft oder anderweitig an Dritte weitergegeben.<\/p>\n<p><strong>Datenverarbeitung auf dieser Website<\/strong><\/p>\n<p>Arctic Values \u200b\u200bsammelt und speichert basierend auf automatischen Prozessen in seinen Server Log Files Informationen, die Ihr Browser an uns sendet.<\/p>\n<p><strong>Datenschutz-Bestimmungen<\/strong><\/p>\n<p>Arctic Values \u200b\u200bist der alleinige Eigent\u00fcmer der Informationen, die auf dieser Website gesammelt und verbreitet werden (www.arctic-values.com). Arctic Values \u200b\u200bhat nur Zugriff auf Inhalte, die Sie uns freiwillig per E-Mail oder anderen Vertriebskan\u00e4len geben. Arctic Values \u200b\u200bwird diese Informationen nicht an Dritte verkaufen oder vermieten. Arctic Values \u200b\u200bwird die angegebenen Informationen nutzen, um mit Ihnen im Einklang mit den Produkten und Dienstleistungen, die auf der Webseite von Arctic Values \u200b\u200bbeschrieben sind, zusammenzuarbeiten. Arctic Values \u200b\u200bwird Ihre Daten nicht an Dritte weitergeben, ohne Ihre Zustimmung zu geben und \/ oder Ihre Anfrage zu bearbeiten. Falls Sie Informationen zu Arctic Values \u200b\u200beingereicht haben, die auf dieser Website sichtbar oder nicht sichtbar sind, und Sie m\u00f6chten, dass diese Informationen gel\u00f6scht werden, senden Sie uns bitte eine Anfrage an privacy@arctic-values.com oder besuchen Sie die Arctic Values-Kontaktwebseite und W\u00e4hlen Sie Ihren bevorzugten Weg, um mit Arctic Values \u200b\u200bin Kontakt zu treten.<\/p>\n<p>Der Inhalt der Arctic Values-Webseite enth\u00e4lt Textdaten und Multimedia-Elemente wie Texte, Zeichnungen, Grafiken, Logos, Icons, Bilder und Fotografien, die durch die Bestimmungen des nationalen und internationalen Rechts f\u00fcr geistiges Eigentum gesch\u00fctzt sind.<\/p>\n<p>Diese Textdaten und Multimediadateien sind das ausschlie\u00dfliche Eigentum von Arctic Values \u200b\u200boder von Dritten, die hervorgehoben sind und mit den spezifischen Daten auf der jeweiligen Webseite verkn\u00fcpft sind.<\/p>\n<p>Alle Besucher der Arctic Values-Website verpflichten sich, die geistigen Eigentumsrechte von Arctic Values zu respektieren, sowie Unternehmen und Dritte unbeschadet der in den verbindlichen Anforderungen vorgesehenen Rechte und Ausnahmen. Jede vollst\u00e4ndige oder teilweise Reproduktion von Daten oder Multimedia-Elementen von dieser Webseite muss auch Arctic Values \u200b\u200bals Quelle angeben und es wird dringend empfohlen, den URL-Link des vollst\u00e4ndigen Artikels oder der Arctic Values-Webseite, von der sie stammt, anzugeben. Dem Benutzer ist ohne vorherige Zustimmung nicht gestattet, die Angaben des Urhebers oder der Quelle zu l\u00f6schen oder zu \u00e4ndern und nicht die technischen Ma\u00dfnahmen zum Schutz von Dokumenten und Multimedia-Elementen, wie Druck- oder Downloadbeschr\u00e4nkungen und sichtbare oder unsichtbare Markierungen zu umgehen. Jeder Versto\u00df gegen diese Beschr\u00e4nkungen kann zu zivil- und strafrechtlichen Verfahren f\u00fchren. In F\u00e4llen, in denen die Identit\u00e4t der Rechteinhaber im Zweifel ist oder in Bezug auf die Nutzungsbedingungen eines bestimmten Artikels, kann eine Anfrage nach Informationen an privacy @arktic-values \u200b\u200bgesendet werden. Warenzeichen und Logos von Arctic Values \u200b\u200bDas Logo der Arctic Values-Marken und Arctic Values \u200b\u200bdarf nicht ohne vorherige Zustimmung von Arctic Values \u200b\u200bverwendet werden. In diesem Zusammenhang wenden Sie sich bitte an: privacy@arctic-values.com<\/p>\n<p><strong>Copyright \u00a9 2023 &#8211; Arctic Values \u200b\u200b\/ Impressum<\/strong><\/p>\n","protected":false},"excerpt":{"rendered":"<p>Legal Notice \/ Impressum &#8211; Arctic Values &#8211; Copyright \u00a9 2023 Responsible for the Content on the Arctic Values Website Arctic Values (Private Trader) Tel.: +358 (0) 400 17 90 76 Responsible Contact Person: Adrian Braun, PhD (Founder Arctic Values)&#8230; <a href=\"https:\/\/arctic-values.com\/?page_id=272\" class=\"read-more\">Read more<\/a><\/p>\n","protected":false},"author":1,"featured_media":0,"parent":0,"menu_order":0,"comment_status":"closed","ping_status":"closed","template":"","meta":[],"_links":{"self":[{"href":"https:\/\/arctic-values.com\/index.php?rest_route=\/wp\/v2\/pages\/272"}],"collection":[{"href":"https:\/\/arctic-values.com\/index.php?rest_route=\/wp\/v2\/pages"}],"about":[{"href":"https:\/\/arctic-values.com\/index.php?rest_route=\/wp\/v2\/types\/page"}],"author":[{"embeddable":true,"href":"https:\/\/arctic-values.com\/index.php?rest_route=\/wp\/v2\/users\/1"}],"replies":[{"embeddable":true,"href":"https:\/\/arctic-values.com\/index.php?rest_route=%2Fwp%2Fv2%2Fcomments&post=272"}],"version-history":[{"count":12,"href":"https:\/\/arctic-values.com\/index.php?rest_route=\/wp\/v2\/pages\/272\/revisions"}],"predecessor-version":[{"id":1017,"href":"https:\/\/arctic-values.com\/index.php?rest_route=\/wp\/v2\/pages\/272\/revisions\/1017"}],"wp:attachment":[{"href":"https:\/\/arctic-values.com\/index.php?rest_route=%2Fwp%2Fv2%2Fmedia&parent=272"}],"curies":[{"name":"wp","href":"https:\/\/api.w.org\/{rel}","templated":true}]}}